{"id":2152,"date":"2025-10-20T12:21:44","date_gmt":"2025-10-20T10:21:44","guid":{"rendered":"http:\/\/fojoypierini.com\/team\/"},"modified":"2025-11-25T11:31:37","modified_gmt":"2025-11-25T10:31:37","slug":"team","status":"publish","type":"page","link":"https:\/\/fojoypierini.com\/en\/team\/","title":{"rendered":"Team"},"content":{"rendered":"\t\t<div data-elementor-type=\"wp-page\" data-elementor-id=\"2152\" class=\"elementor elementor-2152 elementor-1872\" data-elementor-post-type=\"page\">\n\t\t\t\t<div class=\"elementor-element elementor-element-fb6f069 e-flex e-con-boxed e-con e-parent\" data-id=\"fb6f069\" data-element_type=\"container\" data-e-type=\"container\" data-settings=\"{&quot;background_background&quot;:&quot;classic&quot;}\">\n\t\t\t\t\t<div class=\"e-con-inner\">\n\t\t\t\t<div class=\"elementor-element elementor-element-2eb46ab elementor-widget elementor-widget-image\" data-id=\"2eb46ab\" data-element_type=\"widget\" data-e-type=\"widget\" data-widget_type=\"image.default\">\n\t\t\t\t<div class=\"elementor-widget-container\">\n\t\t\t\t\t\t\t\t\t\t\t\t\t\t\t<img loading=\"lazy\" decoding=\"async\" loading=\"lazy\" width=\"1524\" height=\"783\" src=\"https:\/\/fojoypierini.com\/wp-content\/uploads\/2025\/10\/equipo-fojo-pierini-torremolinos.jpg\" class=\"attachment-full size-full wp-image-2144\" alt=\"\" srcset=\"https:\/\/fojoypierini.com\/wp-content\/uploads\/2025\/10\/equipo-fojo-pierini-torremolinos.jpg 1524w, https:\/\/fojoypierini.com\/wp-content\/uploads\/2025\/10\/equipo-fojo-pierini-torremolinos-300x154.jpg 300w, https:\/\/fojoypierini.com\/wp-content\/uploads\/2025\/10\/equipo-fojo-pierini-torremolinos-1024x526.jpg 1024w, https:\/\/fojoypierini.com\/wp-content\/uploads\/2025\/10\/equipo-fojo-pierini-torremolinos-768x395.jpg 768w\" sizes=\"auto, (max-width: 1524px) 100vw, 1524px\">\t\t\t\t\t\t\t\t\t\t\t\t\t\t\t<\/div>\n\t\t\t\t<\/div>\n\t\t\t\t\t<\/div>\n\t\t\t\t<\/div>\n\t\t<div class=\"elementor-element elementor-element-a5c5505 e-flex e-con-boxed e-con e-parent\" data-id=\"a5c5505\" data-element_type=\"container\" data-e-type=\"container\" data-settings=\"{&quot;background_background&quot;:&quot;classic&quot;}\">\n\t\t\t\t\t<div class=\"e-con-inner\">\n\t\t\t\t<div class=\"elementor-element elementor-element-e3c6d0c elementor-widget__width-initial elementor-widget elementor-widget-heading\" data-id=\"e3c6d0c\" data-element_type=\"widget\" data-e-type=\"widget\" data-widget_type=\"heading.default\">\n\t\t\t\t<div class=\"elementor-widget-container\">\n\t\t\t\t\t<h1 class=\"elementor-heading-title elementor-size-default\">Our team<\/h1>\t\t\t\t<\/div>\n\t\t\t\t<\/div>\n\t\t<div class=\"elementor-element elementor-element-3d0c28a e-grid e-con-full e-con e-child\" data-id=\"3d0c28a\" data-element_type=\"container\" data-e-type=\"container\">\n\t\t<div class=\"elementor-element elementor-element-0b2fc60 e-con-full e-flex e-con e-child\" data-id=\"0b2fc60\" data-element_type=\"container\" data-e-type=\"container\">\n\t\t\t\t<div class=\"elementor-element elementor-element-720285a elementor-widget elementor-widget-image\" data-id=\"720285a\" data-element_type=\"widget\" data-e-type=\"widget\" data-widget_type=\"image.default\">\n\t\t\t\t<div class=\"elementor-widget-container\">\n\t\t\t\t\t\t\t\t\t\t\t\t\t\t\t<img loading=\"lazy\" decoding=\"async\" loading=\"lazy\" width=\"554\" height=\"601\" src=\"https:\/\/fojoypierini.com\/wp-content\/uploads\/2025\/09\/dra-carolina-fojo-pierini-clinica-dental-torremolinos.jpg\" class=\"attachment-full size-full wp-image-2109\" alt=\"Dr. Carolina Fojo Pierini\" srcset=\"https:\/\/fojoypierini.com\/wp-content\/uploads\/2025\/09\/dra-carolina-fojo-pierini-clinica-dental-torremolinos.jpg 554w, https:\/\/fojoypierini.com\/wp-content\/uploads\/2025\/09\/dra-carolina-fojo-pierini-clinica-dental-torremolinos-277x300.jpg 277w\" sizes=\"auto, (max-width: 554px) 100vw, 554px\" \/>\t\t\t\t\t\t\t\t\t\t\t\t\t\t\t<\/div>\n\t\t\t\t<\/div>\n\t\t\t\t<div class=\"elementor-element elementor-element-5983516 elementor-widget__width-inherit elementor-widget elementor-widget-heading\" data-id=\"5983516\" data-element_type=\"widget\" data-e-type=\"widget\" data-widget_type=\"heading.default\">\n\t\t\t\t<div class=\"elementor-widget-container\">\n\t\t\t\t\t<h2 class=\"elementor-heading-title elementor-size-default\">Dr. Carolina Fojo Pierini<\/h2>\t\t\t\t<\/div>\n\t\t\t\t<\/div>\n\t\t\t\t<div class=\"elementor-element elementor-element-c48fc6e elementor-widget__width-inherit elementor-widget elementor-widget-heading\" data-id=\"c48fc6e\" data-element_type=\"widget\" data-e-type=\"widget\" data-widget_type=\"heading.default\">\n\t\t\t\t<div class=\"elementor-widget-container\">\n\t\t\t\t\t<span class=\"elementor-heading-title elementor-size-default\">No. col. 29002375<\/span>\t\t\t\t<\/div>\n\t\t\t\t<\/div>\n\t\t\t\t<\/div>\n\t\t<div class=\"elementor-element elementor-element-bbf286b e-con-full e-flex e-con e-child\" data-id=\"bbf286b\" data-element_type=\"container\" data-e-type=\"container\">\n\t\t\t\t<div class=\"elementor-element elementor-element-a4f76cd elementor-widget elementor-widget-image\" data-id=\"a4f76cd\" data-element_type=\"widget\" data-e-type=\"widget\" data-widget_type=\"image.default\">\n\t\t\t\t<div class=\"elementor-widget-container\">\n\t\t\t\t\t\t\t\t\t\t\t\t\t\t\t<img loading=\"lazy\" decoding=\"async\" loading=\"lazy\" width=\"831\" height=\"902\" src=\"https:\/\/fojoypierini.com\/wp-content\/uploads\/2025\/09\/fyp-melissa.jpg\" class=\"attachment-full size-full wp-image-2110\" alt=\"\" srcset=\"https:\/\/fojoypierini.com\/wp-content\/uploads\/2025\/09\/fyp-melissa.jpg 831w, https:\/\/fojoypierini.com\/wp-content\/uploads\/2025\/09\/fyp-melissa-276x300.jpg 276w, https:\/\/fojoypierini.com\/wp-content\/uploads\/2025\/09\/fyp-melissa-768x834.jpg 768w\" sizes=\"auto, (max-width: 831px) 100vw, 831px\">\t\t\t\t\t\t\t\t\t\t\t\t\t\t\t<\/div>\n\t\t\t\t<\/div>\n\t\t\t\t<div class=\"elementor-element elementor-element-ea9a27e elementor-widget__width-inherit elementor-widget elementor-widget-heading\" data-id=\"ea9a27e\" data-element_type=\"widget\" data-e-type=\"widget\" data-widget_type=\"heading.default\">\n\t\t\t\t<div class=\"elementor-widget-container\">\n\t\t\t\t\t<h2 class=\"elementor-heading-title elementor-size-default\">Dr. Melissa Lima Pacios<\/h2>\t\t\t\t<\/div>\n\t\t\t\t<\/div>\n\t\t\t\t<div class=\"elementor-element elementor-element-d4b9b33 elementor-widget__width-inherit elementor-widget elementor-widget-heading\" data-id=\"d4b9b33\" data-element_type=\"widget\" data-e-type=\"widget\" data-widget_type=\"heading.default\">\n\t\t\t\t<div class=\"elementor-widget-container\">\n\t\t\t\t\t<span class=\"elementor-heading-title elementor-size-default\">No. col. 29002975<\/span>\t\t\t\t<\/div>\n\t\t\t\t<\/div>\n\t\t\t\t<\/div>\n\t\t<div class=\"elementor-element elementor-element-bbf87a8 e-con-full e-flex e-con e-child\" data-id=\"bbf87a8\" data-element_type=\"container\" data-e-type=\"container\">\n\t\t\t\t<div class=\"elementor-element elementor-element-0d4e313 elementor-widget elementor-widget-image\" data-id=\"0d4e313\" data-element_type=\"widget\" data-e-type=\"widget\" data-widget_type=\"image.default\">\n\t\t\t\t<div class=\"elementor-widget-container\">\n\t\t\t\t\t\t\t\t\t\t\t\t\t\t\t<img loading=\"lazy\" decoding=\"async\" loading=\"lazy\" width=\"831\" height=\"902\" src=\"https:\/\/fojoypierini.com\/wp-content\/uploads\/2025\/09\/fyp-maria2.jpg\" class=\"attachment-full size-full wp-image-2058\" alt=\"\" srcset=\"https:\/\/fojoypierini.com\/wp-content\/uploads\/2025\/09\/fyp-maria2.jpg 831w, https:\/\/fojoypierini.com\/wp-content\/uploads\/2025\/09\/fyp-maria2-276x300.jpg 276w, https:\/\/fojoypierini.com\/wp-content\/uploads\/2025\/09\/fyp-maria2-768x834.jpg 768w\" sizes=\"auto, (max-width: 831px) 100vw, 831px\">\t\t\t\t\t\t\t\t\t\t\t\t\t\t\t<\/div>\n\t\t\t\t<\/div>\n\t\t\t\t<div class=\"elementor-element elementor-element-61d299a elementor-widget__width-inherit elementor-widget elementor-widget-heading\" data-id=\"61d299a\" data-element_type=\"widget\" data-e-type=\"widget\" data-widget_type=\"heading.default\">\n\t\t\t\t<div class=\"elementor-widget-container\">\n\t\t\t\t\t<h2 class=\"elementor-heading-title elementor-size-default\">Dr. Mar\u00eda Ferrer Urresti<\/h2>\t\t\t\t<\/div>\n\t\t\t\t<\/div>\n\t\t\t\t<div class=\"elementor-element elementor-element-a37c299 elementor-widget__width-inherit elementor-widget elementor-widget-heading\" data-id=\"a37c299\" data-element_type=\"widget\" data-e-type=\"widget\" data-widget_type=\"heading.default\">\n\t\t\t\t<div class=\"elementor-widget-container\">\n\t\t\t\t\t<span class=\"elementor-heading-title elementor-size-default\">No. col. 29002899<\/span>\t\t\t\t<\/div>\n\t\t\t\t<\/div>\n\t\t\t\t<\/div>\n\t\t<div class=\"elementor-element elementor-element-71a2c30 e-con-full e-flex e-con e-child\" data-id=\"71a2c30\" data-element_type=\"container\" data-e-type=\"container\">\n\t\t\t\t<div class=\"elementor-element elementor-element-5153a90 elementor-widget elementor-widget-image\" data-id=\"5153a90\" data-element_type=\"widget\" data-e-type=\"widget\" data-widget_type=\"image.default\">\n\t\t\t\t<div class=\"elementor-widget-container\">\n\t\t\t\t\t\t\t\t\t\t\t\t\t\t\t<img loading=\"lazy\" decoding=\"async\" loading=\"lazy\" width=\"831\" height=\"902\" src=\"https:\/\/fojoypierini.com\/wp-content\/uploads\/2025\/09\/fyp-cristina.jpg\" class=\"attachment-full size-full wp-image-2079\" alt=\"\" srcset=\"https:\/\/fojoypierini.com\/wp-content\/uploads\/2025\/09\/fyp-cristina.jpg 831w, https:\/\/fojoypierini.com\/wp-content\/uploads\/2025\/09\/fyp-cristina-276x300.jpg 276w, https:\/\/fojoypierini.com\/wp-content\/uploads\/2025\/09\/fyp-cristina-768x834.jpg 768w\" sizes=\"auto, (max-width: 831px) 100vw, 831px\">\t\t\t\t\t\t\t\t\t\t\t\t\t\t\t<\/div>\n\t\t\t\t<\/div>\n\t\t\t\t<div class=\"elementor-element elementor-element-9629216 elementor-widget__width-inherit elementor-widget elementor-widget-heading\" data-id=\"9629216\" data-element_type=\"widget\" data-e-type=\"widget\" data-widget_type=\"heading.default\">\n\t\t\t\t<div class=\"elementor-widget-container\">\n\t\t\t\t\t<h2 class=\"elementor-heading-title elementor-size-default\">Dr. Cristina Gonz\u00e1lez Molina<\/h2>\t\t\t\t<\/div>\n\t\t\t\t<\/div>\n\t\t\t\t<div class=\"elementor-element elementor-element-ee097a5 elementor-widget__width-inherit elementor-widget elementor-widget-heading\" data-id=\"ee097a5\" data-element_type=\"widget\" data-e-type=\"widget\" data-widget_type=\"heading.default\">\n\t\t\t\t<div class=\"elementor-widget-container\">\n\t\t\t\t\t<span class=\"elementor-heading-title elementor-size-default\">No. col. 29002482<\/span>\t\t\t\t<\/div>\n\t\t\t\t<\/div>\n\t\t\t\t<\/div>\n\t\t<div class=\"elementor-element elementor-element-960f0fc e-con-full e-flex e-con e-child\" data-id=\"960f0fc\" data-element_type=\"container\" data-e-type=\"container\">\n\t\t\t\t<div class=\"elementor-element elementor-element-ac53334 elementor-widget elementor-widget-image\" data-id=\"ac53334\" data-element_type=\"widget\" data-e-type=\"widget\" data-widget_type=\"image.default\">\n\t\t\t\t<div class=\"elementor-widget-container\">\n\t\t\t\t\t\t\t\t\t\t\t\t\t\t\t<img loading=\"lazy\" decoding=\"async\" loading=\"lazy\" width=\"768\" height=\"834\" src=\"https:\/\/fojoypierini.com\/wp-content\/uploads\/2025\/09\/fyp-melina2.jpg\" class=\"attachment-full size-full wp-image-2145\" alt=\"\" srcset=\"https:\/\/fojoypierini.com\/wp-content\/uploads\/2025\/09\/fyp-melina2.jpg 768w, https:\/\/fojoypierini.com\/wp-content\/uploads\/2025\/09\/fyp-melina2-276x300.jpg 276w\" sizes=\"auto, (max-width: 768px) 100vw, 768px\">\t\t\t\t\t\t\t\t\t\t\t\t\t\t\t<\/div>\n\t\t\t\t<\/div>\n\t\t\t\t<div class=\"elementor-element elementor-element-40eabb1 elementor-widget__width-inherit elementor-widget elementor-widget-heading\" data-id=\"40eabb1\" data-element_type=\"widget\" data-e-type=\"widget\" data-widget_type=\"heading.default\">\n\t\t\t\t<div class=\"elementor-widget-container\">\n\t\t\t\t\t<h2 class=\"elementor-heading-title elementor-size-default\">Dr. Milena Garc\u00e9s Jim\u00e9nez<\/h2>\t\t\t\t<\/div>\n\t\t\t\t<\/div>\n\t\t\t\t<div class=\"elementor-element elementor-element-6790c3b elementor-widget__width-inherit elementor-widget elementor-widget-heading\" data-id=\"6790c3b\" data-element_type=\"widget\" data-e-type=\"widget\" data-widget_type=\"heading.default\">\n\t\t\t\t<div class=\"elementor-widget-container\">\n\t\t\t\t\t<span class=\"elementor-heading-title elementor-size-default\">No. col. 29003474<\/span>\t\t\t\t<\/div>\n\t\t\t\t<\/div>\n\t\t\t\t<\/div>\n\t\t<div class=\"elementor-element elementor-element-24d6e03 e-con-full e-flex e-con e-child\" data-id=\"24d6e03\" data-element_type=\"container\" data-e-type=\"container\">\n\t\t\t\t<div class=\"elementor-element elementor-element-7d49a00 elementor-widget elementor-widget-image\" data-id=\"7d49a00\" data-element_type=\"widget\" data-e-type=\"widget\" data-widget_type=\"image.default\">\n\t\t\t\t<div class=\"elementor-widget-container\">\n\t\t\t\t\t\t\t\t\t\t\t\t\t\t\t<img loading=\"lazy\" decoding=\"async\" loading=\"lazy\" width=\"768\" height=\"834\" src=\"https:\/\/fojoypierini.com\/wp-content\/uploads\/2025\/11\/dra-ana-de-porras-1.jpg\" class=\"attachment-full size-full wp-image-2146\" alt=\"\" srcset=\"https:\/\/fojoypierini.com\/wp-content\/uploads\/2025\/11\/dra-ana-de-porras-1.jpg 768w, https:\/\/fojoypierini.com\/wp-content\/uploads\/2025\/11\/dra-ana-de-porras-1-276x300.jpg 276w\" sizes=\"auto, (max-width: 768px) 100vw, 768px\">\t\t\t\t\t\t\t\t\t\t\t\t\t\t\t<\/div>\n\t\t\t\t<\/div>\n\t\t\t\t<div class=\"elementor-element elementor-element-82cfa3b elementor-widget__width-inherit elementor-widget elementor-widget-heading\" data-id=\"82cfa3b\" data-element_type=\"widget\" data-e-type=\"widget\" data-widget_type=\"heading.default\">\n\t\t\t\t<div class=\"elementor-widget-container\">\n\t\t\t\t\t<h2 class=\"elementor-heading-title elementor-size-default\">Dr. Ana De Porras<\/h2>\t\t\t\t<\/div>\n\t\t\t\t<\/div>\n\t\t\t\t<div class=\"elementor-element elementor-element-d0c40e5 elementor-widget__width-inherit elementor-widget elementor-widget-heading\" data-id=\"d0c40e5\" data-element_type=\"widget\" data-e-type=\"widget\" data-widget_type=\"heading.default\">\n\t\t\t\t<div class=\"elementor-widget-container\">\n\t\t\t\t\t<span class=\"elementor-heading-title elementor-size-default\">No. col. 29002472<\/span>\t\t\t\t<\/div>\n\t\t\t\t<\/div>\n\t\t\t\t<\/div>\n\t\t<div class=\"elementor-element elementor-element-d2d157a e-con-full e-flex e-con e-child\" data-id=\"d2d157a\" data-element_type=\"container\" data-e-type=\"container\">\n\t\t\t\t<div class=\"elementor-element elementor-element-814698a elementor-widget elementor-widget-image\" data-id=\"814698a\" data-element_type=\"widget\" data-e-type=\"widget\" data-widget_type=\"image.default\">\n\t\t\t\t<div class=\"elementor-widget-container\">\n\t\t\t\t\t\t\t\t\t\t\t\t\t\t\t<img loading=\"lazy\" decoding=\"async\" loading=\"lazy\" width=\"922\" height=\"1000\" src=\"https:\/\/fojoypierini.com\/wp-content\/uploads\/2025\/10\/dr-juan-ignacio-bolivar-1.jpg\" class=\"attachment-full size-full wp-image-2147\" alt=\"\" srcset=\"https:\/\/fojoypierini.com\/wp-content\/uploads\/2025\/10\/dr-juan-ignacio-bolivar-1.jpg 922w, https:\/\/fojoypierini.com\/wp-content\/uploads\/2025\/10\/dr-juan-ignacio-bolivar-1-277x300.jpg 277w, https:\/\/fojoypierini.com\/wp-content\/uploads\/2025\/10\/dr-juan-ignacio-bolivar-1-768x833.jpg 768w\" sizes=\"auto, (max-width: 922px) 100vw, 922px\">\t\t\t\t\t\t\t\t\t\t\t\t\t\t\t<\/div>\n\t\t\t\t<\/div>\n\t\t\t\t<div class=\"elementor-element elementor-element-49d6343 elementor-widget__width-inherit elementor-widget elementor-widget-heading\" data-id=\"49d6343\" data-element_type=\"widget\" data-e-type=\"widget\" data-widget_type=\"heading.default\">\n\t\t\t\t<div class=\"elementor-widget-container\">\n\t\t\t\t\t<h2 class=\"elementor-heading-title elementor-size-default\">Dr. Juan Ignacio Bolivar<\/h2>\t\t\t\t<\/div>\n\t\t\t\t<\/div>\n\t\t\t\t<div class=\"elementor-element elementor-element-b8b60ee elementor-widget__width-inherit elementor-widget elementor-widget-heading\" data-id=\"b8b60ee\" data-element_type=\"widget\" data-e-type=\"widget\" data-widget_type=\"heading.default\">\n\t\t\t\t<div class=\"elementor-widget-container\">\n\t\t\t\t\t<span class=\"elementor-heading-title elementor-size-default\">No. col. 5211<\/span>\t\t\t\t<\/div>\n\t\t\t\t<\/div>\n\t\t\t\t<\/div>\n\t\t\t\t<\/div>\n\t\t\t\t\t<\/div>\n\t\t\t\t<\/div>\n\t\t\t\t<\/div>\n\t\t","protected":false},"excerpt":{"rendered":"<p>Our team Dr. Carolina Fojo Pierini No. col. 29002375 Dr. Melissa Lima Pacios No. col. 29002975 Dr. Mar\u00eda Ferrer Urresti No. col. 29002899 Dr. Cristina Gonz\u00e1lez Molina No. col. 29002482 Dr. Milena Garc\u00e9s Jim\u00e9nez No. col. 29003474 Dr. Ana De Porras No. col. 29002472 Dr. Juan Ignacio Bolivar No. col. 5211<\/p>\n","protected":false},"author":1,"featured_media":0,"parent":0,"menu_order":0,"comment_status":"closed","ping_status":"closed","template":"elementor_header_footer","meta":{"inline_featured_image":false,"footnotes":""},"class_list":["post-2152","page","type-page","status-publish"],"_links":{"self":[{"href":"https:\/\/fojoypierini.com\/en\/wp-json\/wp\/v2\/pages\/2152","targetHints":{"allow":["GET"]}}],"collection":[{"href":"https:\/\/fojoypierini.com\/en\/wp-json\/wp\/v2\/pages"}],"about":[{"href":"https:\/\/fojoypierini.com\/en\/wp-json\/wp\/v2\/types\/page"}],"author":[{"embeddable":true,"href":"https:\/\/fojoypierini.com\/en\/wp-json\/wp\/v2\/users\/1"}],"replies":[{"embeddable":true,"href":"https:\/\/fojoypierini.com\/en\/wp-json\/wp\/v2\/comments?post=2152"}],"version-history":[{"count":2,"href":"https:\/\/fojoypierini.com\/en\/wp-json\/wp\/v2\/pages\/2152\/revisions"}],"predecessor-version":[{"id":2381,"href":"https:\/\/fojoypierini.com\/en\/wp-json\/wp\/v2\/pages\/2152\/revisions\/2381"}],"wp:attachment":[{"href":"https:\/\/fojoypierini.com\/en\/wp-json\/wp\/v2\/media?parent=2152"}],"curies":[{"name":"wp","href":"https:\/\/api.w.org\/{rel}","templated":true}]}}